{"id":1562,"date":"2023-10-30T15:06:54","date_gmt":"2023-10-30T14:06:54","guid":{"rendered":"https:\/\/laterumhotel.hu\/?page_id=1562"},"modified":"2024-01-17T12:42:59","modified_gmt":"2024-01-17T11:42:59","slug":"data-protection-statement","status":"publish","type":"page","link":"https:\/\/laterumhotel.hu\/en\/data-protection-statement\/","title":{"rendered":"Data protection statement"},"content":{"rendered":"\n<div class=\"wp-block-columns alignwide is-layout-flex wp-container-core-columns-is-layout-28f84493 wp-block-columns-is-layout-flex\">\n<div class=\"wp-block-column is-layout-flow wp-block-column-is-layout-flow\" style=\"flex-basis:66.66%\">\n<div class=\"wp-block-group has-base-background-color has-background has-global-padding is-layout-constrained wp-container-core-group-is-layout-bd127a3e wp-block-group-is-layout-constrained\" style=\"margin-top:0;padding-top:var(--wp--preset--spacing--60);padding-right:var(--wp--preset--spacing--60);padding-bottom:var(--wp--preset--spacing--60);padding-left:var(--wp--preset--spacing--60)\">\n<p>You can access our <a href=\"\/#\">Privacy Policy by clicking here<\/a>.<\/p>\n\n\n\n<script type=\"text\/javascript\" charset=\"UTF-8\"  data-cookiescriptreport=\"report\" src=\"\/\/report.cookie-script.com\/r\/319f077784217bf18dcd87b4f6f57fcd.js\"><\/script>\n<\/div>\n<\/div>\n\n\n\n<div class=\"wp-block-column is-layout-flow wp-block-column-is-layout-flow\" style=\"flex-basis:33.33%\">\n<div class=\"wp-block-group has-base-background-color has-background has-global-padding is-layout-constrained wp-container-core-group-is-layout-ca09131d wp-block-group-is-layout-constrained\" style=\"padding-top:var(--wp--preset--spacing--60);padding-right:var(--wp--preset--spacing--60);padding-bottom:var(--wp--preset--spacing--60);padding-left:var(--wp--preset--spacing--60)\">\n<h3 class=\"wp-block-heading has-text-align-center is-style-line-decoration has-large-font-size\" style=\"font-style:normal;font-weight:400\">AJ\u00c1NLATK\u00c9R\u00c9S<\/h3>\n\n\n\n<p class=\"has-text-align-center\">Az \u0171rlap kit\u00f6lt\u00e9s\u00e9vel vagy telefonon k\u00e9rhet szem\u00e9lyre szabott aj\u00e1nlatot rendezv\u00e9nyek vagy konferenci\u00e1k lebonyol\u00edt\u00e1s\u00e1hoz.<\/p>\n\n\n\n<div class=\"wp-block-buttons is-content-justification-center is-layout-flex wp-container-core-buttons-is-layout-a89b3969 wp-block-buttons-is-layout-flex\">\n<div class=\"wp-block-button has-custom-width wp-block-button__width-100 is-style-darker-button\"><a class=\"wp-block-button__link wp-element-button\" href=\"https:\/\/laterumhotel.hu\/ajanlatkeres\/\">K\u00e9rje egyedi aj\u00e1nlatunkat<\/a><\/div>\n<\/div>\n\n\n\n<p class=\"is-style-line-decoration has-small-font-size\">vagy h\u00edvja kolleg\u00e1nkat<\/p>\n\n\n\n<p class=\"has-text-align-center\"><strong>Mobilsz\u00e1maink H\u00e9tf\u0151t\u0151l P\u00e9ntekig<br>8-16 \u00f3r\u00e1ig h\u00edvhat\u00f3ak.<\/strong><\/p>\n\n\n\n<p class=\"has-text-align-center\"><strong>Gyenis L\u00e1szl\u00f3<\/strong><br><em>\u00e9rt\u00e9kes\u00edt\u00e9si vezet\u0151, \u00e9ttermi rendezv\u00e9ny \u00e9rt\u00e9kes\u00edt\u00e9s<\/em><br><a href=\"tel:+36706260176\" target=\"_blank\" rel=\"noreferrer noopener\">+36 70 626 0176<\/a><\/p>\n\n\n\n<p class=\"has-text-align-center\"><strong>Pataki Zita<\/strong><br><em>\u00e9rt\u00e9kes\u00edt\u00e9si vezet\u0151, hotel \u00e9rt\u00e9kes\u00edt\u00e9s<\/em><br><a href=\"tel:+36706260381\" target=\"_blank\" rel=\"noreferrer noopener\">+36 70 626 0381<\/a><\/p>\n<\/div>\n\n\n\n<div class=\"wp-block-group has-base-color has-tertiary-background-color has-text-color has-background has-global-padding is-layout-constrained wp-container-core-group-is-layout-ca09131d wp-block-group-is-layout-constrained\" style=\"padding-top:var(--wp--preset--spacing--60);padding-right:var(--wp--preset--spacing--60);padding-bottom:var(--wp--preset--spacing--60);padding-left:var(--wp--preset--spacing--60)\">\n<h3 class=\"wp-block-heading is-style-line-decoration\">Konferenciatermeink<\/h3>\n\n\n\n<figure class=\"wp-block-table is-style-regular has-oswald-font-family\"><table style=\"border-style:none;border-width:0px\"><tbody><tr><td class=\"has-text-align-left\" data-align=\"left\">D\u00edszterem<\/td><td class=\"has-text-align-right\" data-align=\"right\">250 f\u0151<\/td><\/tr><tr><td class=\"has-text-align-left\" data-align=\"left\">Rendezv\u00e9nyterem<\/td><td class=\"has-text-align-right\" data-align=\"right\">140 f\u0151<\/td><\/tr><tr><td class=\"has-text-align-left\" data-align=\"left\">Konferencia termek<\/td><td class=\"has-text-align-right\" data-align=\"right\">80 f\u0151<\/td><\/tr><tr><td class=\"has-text-align-left\" data-align=\"left\">Szekci\u00f3terem<\/td><td class=\"has-text-align-right\" data-align=\"right\">18 f\u0151<\/td><\/tr><\/tbody><\/table><\/figure>\n<\/div>\n<\/div>\n<\/div>\n","protected":false},"excerpt":{"rendered":"<p>You can access our Privacy Policy by clicking here. AJ\u00c1NLATK\u00c9R\u00c9S Az \u0171rlap kit\u00f6lt\u00e9s\u00e9vel vagy telefonon k\u00e9rhet szem\u00e9lyre szabott aj\u00e1nlatot rendezv\u00e9nyek vagy konferenci\u00e1k lebonyol\u00edt\u00e1s\u00e1hoz. vagy h\u00edvja kolleg\u00e1nkat Mobilsz\u00e1maink H\u00e9tf\u0151t\u0151l P\u00e9ntekig8-16 \u00f3r\u00e1ig h\u00edvhat\u00f3ak. Gyenis L\u00e1szl\u00f3\u00e9rt\u00e9kes\u00edt\u00e9si vezet\u0151, \u00e9ttermi rendezv\u00e9ny \u00e9rt\u00e9kes\u00edt\u00e9s+36 70 626 0176 Pataki Zita\u00e9rt\u00e9kes\u00edt\u00e9si vezet\u0151, hotel \u00e9rt\u00e9kes\u00edt\u00e9s+36 70 626 0381<\/p>\n","protected":false},"author":5,"featured_media":0,"parent":0,"menu_order":0,"comment_status":"closed","ping_status":"closed","template":"","meta":{"_acf_changed":false,"inline_featured_image":false,"footnotes":""},"class_list":["post-1562","page","type-page","status-publish","hentry"],"acf":[],"yoast_head":"<!-- This site is optimized with the Yoast SEO plugin v27.4 - https:\/\/yoast.com\/product\/yoast-seo-wordpress\/ -->\n<title>Data protection statement - Hotel Laterum<\/title>\n<meta name=\"robots\" content=\"index, follow, max-snippet:-1, max-image-preview:large, max-video-preview:-1\" \/>\n<link rel=\"canonical\" href=\"https:\/\/laterumhotel.hu\/en\/data-protection-statement\/\" \/>\n<meta property=\"og:locale\" content=\"en_US\" \/>\n<meta property=\"og:type\" content=\"article\" \/>\n<meta property=\"og:title\" content=\"Data protection statement - Hotel Laterum\" \/>\n<meta property=\"og:description\" content=\"You can access our Privacy Policy by clicking here. AJ\u00c1NLATK\u00c9R\u00c9S Az \u0171rlap kit\u00f6lt\u00e9s\u00e9vel vagy telefonon k\u00e9rhet szem\u00e9lyre szabott aj\u00e1nlatot rendezv\u00e9nyek vagy konferenci\u00e1k lebonyol\u00edt\u00e1s\u00e1hoz. vagy h\u00edvja kolleg\u00e1nkat Mobilsz\u00e1maink H\u00e9tf\u0151t\u0151l P\u00e9ntekig8-16 \u00f3r\u00e1ig h\u00edvhat\u00f3ak. Gyenis L\u00e1szl\u00f3\u00e9rt\u00e9kes\u00edt\u00e9si vezet\u0151, \u00e9ttermi rendezv\u00e9ny \u00e9rt\u00e9kes\u00edt\u00e9s+36 70 626 0176 Pataki Zita\u00e9rt\u00e9kes\u00edt\u00e9si vezet\u0151, hotel \u00e9rt\u00e9kes\u00edt\u00e9s+36 70 626 0381\" \/>\n<meta property=\"og:url\" content=\"https:\/\/laterumhotel.hu\/en\/data-protection-statement\/\" \/>\n<meta property=\"og:site_name\" content=\"Hotel Laterum\" \/>\n<meta property=\"article:publisher\" content=\"https:\/\/www.facebook.com\/Hotel.Laterum\" \/>\n<meta property=\"article:modified_time\" content=\"2024-01-17T11:42:59+00:00\" \/>\n<meta name=\"twitter:card\" content=\"summary_large_image\" \/>\n<meta name=\"twitter:site\" content=\"@laterumhotel\" \/>\n<meta name=\"twitter:label1\" content=\"Est. reading time\" \/>\n\t<meta name=\"twitter:data1\" content=\"1 minute\" \/>\n<script type=\"application\/ld+json\" class=\"yoast-schema-graph\">{\"@context\":\"https:\\\/\\\/schema.org\",\"@graph\":[{\"@type\":\"WebPage\",\"@id\":\"https:\\\/\\\/laterumhotel.hu\\\/en\\\/data-protection-statement\\\/\",\"url\":\"https:\\\/\\\/laterumhotel.hu\\\/en\\\/data-protection-statement\\\/\",\"name\":\"Data protection statement - Hotel Laterum\",\"isPartOf\":{\"@id\":\"https:\\\/\\\/laterumhotel.hu\\\/en\\\/#website\"},\"datePublished\":\"2023-10-30T14:06:54+00:00\",\"dateModified\":\"2024-01-17T11:42:59+00:00\",\"breadcrumb\":{\"@id\":\"https:\\\/\\\/laterumhotel.hu\\\/en\\\/data-protection-statement\\\/#breadcrumb\"},\"inLanguage\":\"en-US\",\"potentialAction\":[{\"@type\":\"ReadAction\",\"target\":[\"https:\\\/\\\/laterumhotel.hu\\\/en\\\/data-protection-statement\\\/\"]}]},{\"@type\":\"BreadcrumbList\",\"@id\":\"https:\\\/\\\/laterumhotel.hu\\\/en\\\/data-protection-statement\\\/#breadcrumb\",\"itemListElement\":[{\"@type\":\"ListItem\",\"position\":1,\"name\":\"Homepage\",\"item\":\"https:\\\/\\\/laterumhotel.hu\\\/en\\\/\"},{\"@type\":\"ListItem\",\"position\":2,\"name\":\"Data protection statement\"}]},{\"@type\":\"WebSite\",\"@id\":\"https:\\\/\\\/laterumhotel.hu\\\/en\\\/#website\",\"url\":\"https:\\\/\\\/laterumhotel.hu\\\/en\\\/\",\"name\":\"Hotel Laterum\",\"description\":\"\",\"publisher\":{\"@id\":\"https:\\\/\\\/laterumhotel.hu\\\/en\\\/#organization\"},\"potentialAction\":[{\"@type\":\"SearchAction\",\"target\":{\"@type\":\"EntryPoint\",\"urlTemplate\":\"https:\\\/\\\/laterumhotel.hu\\\/en\\\/?s={search_term_string}\"},\"query-input\":{\"@type\":\"PropertyValueSpecification\",\"valueRequired\":true,\"valueName\":\"search_term_string\"}}],\"inLanguage\":\"en-US\"},{\"@type\":\"Organization\",\"@id\":\"https:\\\/\\\/laterumhotel.hu\\\/en\\\/#organization\",\"name\":\"Hotel Laterum\",\"url\":\"https:\\\/\\\/laterumhotel.hu\\\/en\\\/\",\"logo\":{\"@type\":\"ImageObject\",\"inLanguage\":\"en-US\",\"@id\":\"https:\\\/\\\/laterumhotel.hu\\\/en\\\/#\\\/schema\\\/logo\\\/image\\\/\",\"url\":\"https:\\\/\\\/laterumhotel.hu\\\/app\\\/uploads\\\/2024\\\/01\\\/laterum-logo-uj.svg\",\"contentUrl\":\"https:\\\/\\\/laterumhotel.hu\\\/app\\\/uploads\\\/2024\\\/01\\\/laterum-logo-uj.svg\",\"caption\":\"Hotel Laterum\"},\"image\":{\"@id\":\"https:\\\/\\\/laterumhotel.hu\\\/en\\\/#\\\/schema\\\/logo\\\/image\\\/\"},\"sameAs\":[\"https:\\\/\\\/www.facebook.com\\\/Hotel.Laterum\",\"https:\\\/\\\/x.com\\\/laterumhotel\"]}]}<\/script>\n<!-- \/ Yoast SEO plugin. -->","yoast_head_json":{"title":"Data protection statement - Hotel Laterum","robots":{"index":"index","follow":"follow","max-snippet":"max-snippet:-1","max-image-preview":"max-image-preview:large","max-video-preview":"max-video-preview:-1"},"canonical":"https:\/\/laterumhotel.hu\/en\/data-protection-statement\/","og_locale":"en_US","og_type":"article","og_title":"Data protection statement - Hotel Laterum","og_description":"You can access our Privacy Policy by clicking here. AJ\u00c1NLATK\u00c9R\u00c9S Az \u0171rlap kit\u00f6lt\u00e9s\u00e9vel vagy telefonon k\u00e9rhet szem\u00e9lyre szabott aj\u00e1nlatot rendezv\u00e9nyek vagy konferenci\u00e1k lebonyol\u00edt\u00e1s\u00e1hoz. vagy h\u00edvja kolleg\u00e1nkat Mobilsz\u00e1maink H\u00e9tf\u0151t\u0151l P\u00e9ntekig8-16 \u00f3r\u00e1ig h\u00edvhat\u00f3ak. Gyenis L\u00e1szl\u00f3\u00e9rt\u00e9kes\u00edt\u00e9si vezet\u0151, \u00e9ttermi rendezv\u00e9ny \u00e9rt\u00e9kes\u00edt\u00e9s+36 70 626 0176 Pataki Zita\u00e9rt\u00e9kes\u00edt\u00e9si vezet\u0151, hotel \u00e9rt\u00e9kes\u00edt\u00e9s+36 70 626 0381","og_url":"https:\/\/laterumhotel.hu\/en\/data-protection-statement\/","og_site_name":"Hotel Laterum","article_publisher":"https:\/\/www.facebook.com\/Hotel.Laterum","article_modified_time":"2024-01-17T11:42:59+00:00","twitter_card":"summary_large_image","twitter_site":"@laterumhotel","twitter_misc":{"Est. reading time":"1 minute"},"schema":{"@context":"https:\/\/schema.org","@graph":[{"@type":"WebPage","@id":"https:\/\/laterumhotel.hu\/en\/data-protection-statement\/","url":"https:\/\/laterumhotel.hu\/en\/data-protection-statement\/","name":"Data protection statement - Hotel Laterum","isPartOf":{"@id":"https:\/\/laterumhotel.hu\/en\/#website"},"datePublished":"2023-10-30T14:06:54+00:00","dateModified":"2024-01-17T11:42:59+00:00","breadcrumb":{"@id":"https:\/\/laterumhotel.hu\/en\/data-protection-statement\/#breadcrumb"},"inLanguage":"en-US","potentialAction":[{"@type":"ReadAction","target":["https:\/\/laterumhotel.hu\/en\/data-protection-statement\/"]}]},{"@type":"BreadcrumbList","@id":"https:\/\/laterumhotel.hu\/en\/data-protection-statement\/#breadcrumb","itemListElement":[{"@type":"ListItem","position":1,"name":"Homepage","item":"https:\/\/laterumhotel.hu\/en\/"},{"@type":"ListItem","position":2,"name":"Data protection statement"}]},{"@type":"WebSite","@id":"https:\/\/laterumhotel.hu\/en\/#website","url":"https:\/\/laterumhotel.hu\/en\/","name":"Hotel Laterum","description":"","publisher":{"@id":"https:\/\/laterumhotel.hu\/en\/#organization"},"potentialAction":[{"@type":"SearchAction","target":{"@type":"EntryPoint","urlTemplate":"https:\/\/laterumhotel.hu\/en\/?s={search_term_string}"},"query-input":{"@type":"PropertyValueSpecification","valueRequired":true,"valueName":"search_term_string"}}],"inLanguage":"en-US"},{"@type":"Organization","@id":"https:\/\/laterumhotel.hu\/en\/#organization","name":"Hotel Laterum","url":"https:\/\/laterumhotel.hu\/en\/","logo":{"@type":"ImageObject","inLanguage":"en-US","@id":"https:\/\/laterumhotel.hu\/en\/#\/schema\/logo\/image\/","url":"https:\/\/laterumhotel.hu\/app\/uploads\/2024\/01\/laterum-logo-uj.svg","contentUrl":"https:\/\/laterumhotel.hu\/app\/uploads\/2024\/01\/laterum-logo-uj.svg","caption":"Hotel Laterum"},"image":{"@id":"https:\/\/laterumhotel.hu\/en\/#\/schema\/logo\/image\/"},"sameAs":["https:\/\/www.facebook.com\/Hotel.Laterum","https:\/\/x.com\/laterumhotel"]}]}},"_links":{"self":[{"href":"https:\/\/laterumhotel.hu\/en\/wp-json\/wp\/v2\/pages\/1562","targetHints":{"allow":["GET"]}}],"collection":[{"href":"https:\/\/laterumhotel.hu\/en\/wp-json\/wp\/v2\/pages"}],"about":[{"href":"https:\/\/laterumhotel.hu\/en\/wp-json\/wp\/v2\/types\/page"}],"author":[{"embeddable":true,"href":"https:\/\/laterumhotel.hu\/en\/wp-json\/wp\/v2\/users\/5"}],"replies":[{"embeddable":true,"href":"https:\/\/laterumhotel.hu\/en\/wp-json\/wp\/v2\/comments?post=1562"}],"version-history":[{"count":4,"href":"https:\/\/laterumhotel.hu\/en\/wp-json\/wp\/v2\/pages\/1562\/revisions"}],"predecessor-version":[{"id":1617,"href":"https:\/\/laterumhotel.hu\/en\/wp-json\/wp\/v2\/pages\/1562\/revisions\/1617"}],"wp:attachment":[{"href":"https:\/\/laterumhotel.hu\/en\/wp-json\/wp\/v2\/media?parent=1562"}],"curies":[{"name":"wp","href":"https:\/\/api.w.org\/{rel}","templated":true}]}}